{"id":370,"date":"2018-08-21T23:14:49","date_gmt":"2018-08-21T21:14:49","guid":{"rendered":"http:\/\/bluebird-design.de\/?page_id=370"},"modified":"2025-11-12T13:06:26","modified_gmt":"2025-11-12T11:06:26","slug":"bluebird-design","status":"publish","type":"page","link":"https:\/\/bluebird-design.de\/","title":{"rendered":"Bluebird Design"},"content":{"rendered":"<p>&nbsp;<\/p>\n<p>&nbsp;<\/p>\n<p><strong>Wer ist Bluebird Design?<\/strong><\/p>\n<p>Hinter Bluebird Design stecke ich \u2013 Mona Garz\u00f3n. Nach meiner ersten abgeschlossenen Ausbildung als Grafik-Designerin suchte ich nach einer weiteren Herausforderung und absolvierte\u00a0 2009 die Ausbildung als Mediengestalterin f\u00fcr Bild und Ton. Als Freiberuflerin arbeite ich momentan haupts\u00e4chlich f\u00fcr renomierte Dokumentarfilm-Produktionsfirmen im Rhein-Main-Neckar-Raum.\u00a0 Diese unterst\u00fctze ich mit meinen Kenntnissen im Bereich Design und bin unter anderem f\u00fcr Printmedien,\u00a0 DVD Produktion, Motion Graphic Design und Webauftritte verantwortlich. Als ausgelernte Mediengestalterin f\u00fcr Bild und Ton unterst\u00fctzte ich die Filmbranche aber auch als Digital Image Technician, koordiniere Projekte und deren Postproduktion und plane das Datenmanagement. Ich habe Erfahrung in Abl\u00e4ufen der Film- &amp; Fernsehproduktion, sowie deren evtl. unterschiedlichen Produktions- bzw. Postproduktionstechniken. Au\u00dferdem arbeite ich seit Jahren mit den branchen\u00fcblichen Kameras, Speichermedien und kenne ihre spezifischen M\u00f6glichkeiten und Grenzen. Ich koordiniere Arbeitsabl\u00e4ufe in der Nachbearbeitung und habe Kenntnisse \u00fcber die technischen M\u00f6glichkeiten in der Postproduktion.<\/p>\n","protected":false},"excerpt":{"rendered":"<p>&nbsp; &nbsp; Wer ist Bluebird Design? Hinter Bluebird Design stecke ich \u2013 Mona Garz\u00f3n. Nach meiner ersten abgeschlossenen Ausbildung als Grafik-Designerin suchte ich nach einer weiteren Herausforderung und absolvierte\u00a0 2009 die Ausbildung als Mediengestalterin f\u00fcr Bild und Ton. Als Freiberuflerin arbeite ich momentan haupts\u00e4chlich f\u00fcr renomierte Dokumentarfilm-Produktionsfirmen im Rhein-Main-Neckar-Raum.\u00a0 Diese unterst\u00fctze ich mit meinen Kenntnissen<\/p>\n<p><a href=\"https:\/\/bluebird-design.de\/\" class=\"more-link\">Weiterlesen<\/a><\/p>\n","protected":false},"author":1,"featured_media":395,"parent":0,"menu_order":0,"comment_status":"closed","ping_status":"closed","template":"","meta":{"footnotes":""},"class_list":["post-370","page","type-page","status-publish","has-post-thumbnail","hentry"],"_links":{"self":[{"href":"https:\/\/bluebird-design.de\/index.php?rest_route=\/wp\/v2\/pages\/370","targetHints":{"allow":["GET"]}}],"collection":[{"href":"https:\/\/bluebird-design.de\/index.php?rest_route=\/wp\/v2\/pages"}],"about":[{"href":"https:\/\/bluebird-design.de\/index.php?rest_route=\/wp\/v2\/types\/page"}],"author":[{"embeddable":true,"href":"https:\/\/bluebird-design.de\/index.php?rest_route=\/wp\/v2\/users\/1"}],"replies":[{"embeddable":true,"href":"https:\/\/bluebird-design.de\/index.php?rest_route=%2Fwp%2Fv2%2Fcomments&post=370"}],"version-history":[{"count":4,"href":"https:\/\/bluebird-design.de\/index.php?rest_route=\/wp\/v2\/pages\/370\/revisions"}],"predecessor-version":[{"id":394,"href":"https:\/\/bluebird-design.de\/index.php?rest_route=\/wp\/v2\/pages\/370\/revisions\/394"}],"wp:featuredmedia":[{"embeddable":true,"href":"https:\/\/bluebird-design.de\/index.php?rest_route=\/wp\/v2\/media\/395"}],"wp:attachment":[{"href":"https:\/\/bluebird-design.de\/index.php?rest_route=%2Fwp%2Fv2%2Fmedia&parent=370"}],"curies":[{"name":"wp","href":"https:\/\/api.w.org\/{rel}","templated":true}]}}